{"id":50,"date":"2022-10-29T16:50:49","date_gmt":"2022-10-29T14:50:49","guid":{"rendered":"https:\/\/www.aspriuniteterradibari.it\/?page_id=50"},"modified":"2022-10-29T20:24:19","modified_gmt":"2022-10-29T18:24:19","slug":"i-p-a-b","status":"publish","type":"page","link":"https:\/\/www.aspriuniteterradibari.it\/index.php\/i-p-a-b\/","title":{"rendered":"I.P.A.B."},"content":{"rendered":"<p>Le <em>Istituzioni di pubblica assistenza e beneficenza<\/em> (Ipab) nel nostro paese sono nate nel 1890 con la legge Crispi. Grazie a lasciti e fondi pubblici, nel corso di oltre cento anni questi istituti si sono impegnati, al pi\u00f9 vario titolo, sul fronte sociale. In particolare le Ipab italiane hanno sviluppato due attivit\u00e0 principali: la gestione di strutture residenziali per anziani, minori e portatori di handicap e quella di strutture prescolari (asili e scuole per l&#8217;infanzia) e scolari.<\/p>\n<h4>Le IPAB in cifre<\/h4>\n<p>Le Ipab presenti in Italia sono 4.226. La regione che ne conta il pi\u00f9 alto numero la Lombardia (817, il 19,3% del totale), seguita dal Piemonte (766, pari al 18,1% del totale) e dall&#8217;Emilia Romagna (335, pari al 7,9% del totale).<\/p>\n<p>Il patrimonio di questi istituti viene stimato in 37 mila miliardi di lire in lasciti e donazioni, immobili e fondi accumulati nel corso del tempo. I dipendenti che gravitano intorno a questo settore sono 51.571.<\/p>\n<p>I settori principali di attivit\u00e0 sono: la gestione di strutture residenziali per anziani, minori e portatori di handicap (sono impegnate in queste attivit\u00e0 938 Ipab) e la gestione di strutture prescolari e scolastiche (sono impegnate in queste attivit\u00e0 1.231 Ipab).<\/p>\n<h4>Le novit\u00e0 fiscali<\/h4>\n<p>Il decreto di riordino delle Ipab affronta al capo I gli aspetti fiscali di questi istituti di assistenza, affermando &#8220;pari opportunit\u00e0 fiscali&#8221; fra organizzazioni non lucrative di utilit\u00e0 sociale e aziende pubbliche di servizi. A queste ultime, infatti, viene applicata la stessa disciplina fiscale delle Onlus: esenzione dalle imposte di registro legate alle variazioni statutarie e catastali, possibilit\u00e0 di ricevere donazioni, deducibili dalla dichiarazione dei redditi.<\/p>\n<h4>Le ASP: Aziende per Servizi alla Persona<\/h4>\n<p>Le Ipab che si trasformano in aziende per i servizi alla persona, ovvero in soggetti privati di diritto pubblico, saranno inserite nella rete dei servizi sociali previsti dalla legge 328\/2000.<\/p>\n<p>In riferimento ad esse il decreto precisa che l&#8217;istituzione &#8220;non ha fini di lucro, ha personalit\u00e0 giuridica di diritto pubblico, autonomia statutaria, patrimoniale e contabile, gestionale e tecnica e opera con criteri imprenditoriali&#8221;.<\/p>\n<p>Dovranno obbligatoriamente trasformarsi in aziende di servizi tutte le Ipab che erogano direttamente servizi di assistenza, a condizione che rispondano a determinati requisiti. Ne sono escluse sicuramente quelle che non sono in grado di rispettare le finalit\u00e0 statutarie, ovvero che da almeno due anni versano in uno stato di inattivit\u00e0.<\/p>\n<p>E&#8217; prevista la possibilit\u00e0 di risanamenti, fusioni e ridimensionamenti di statuti al fine di consentire il mantenimento della personalit\u00e0 giuridica di diritto pubblico e la ripresa dell&#8217;attivit\u00e0 delle istituzioni che versano in condizioni di difficolt\u00e0.<\/p>\n<h4>Il riordino delle IPAB<\/h4>\n<p>Le istituzioni pubbliche di assistenza e beneficenza cos\u00ec come le abbiamo conosciute sino ad ora, in molti casi cadute in uno stato di abbandono, sono destinate a cambiare pelle. E&#8217; stato approvato dal Consiglio dei Ministri, infatti, il decreto di riordino delle Ipab, ultimo atto della grande riforma del welfare disegnata dalla legge quadro sull&#8217;assistenza, che assegna alle singole Regioni la competenza degli indirizzi e dei criteri di gestione degli istituti di assistenza.<\/p>\n<p>E&#8217; rivoluzione, dunque, nel settore, una rivoluzione che migliorer\u00e0 la rete dei servizi e comporter\u00e0 riduzioni delle rette per chi ne usufruisce.<\/p>\n<h4>I dipendenti IPAB<\/h4>\n<p>Sino ad oggi ai dipendenti delle Ipab \u00e8 stato applicato il rapporto di lavoro degli enti pubblici.<\/p>\n<p>Il decreto di riordino del settore, in riferimento alle Ipab riordinate come aziende di servizi, istituisce un comparto autonomo di contrattazione collettiva. Ci\u00f2 consentir\u00e0 meccanismi di flessibilit\u00e0 tipici del privato, modulati sui diversi servizi erogati. Alla definizione delle norme contrattuali &#8220;sono espressamente chiamate a concorrere le rappresentanze delle Ipab&#8221;.ato, modulati sui diversi servizi erogati. Alla definizione delle norme contrattuali &#8220;sono espressamente chiamate a concorrere le rappresentanze delle Ipab&#8221;.<\/p>\n","protected":false},"excerpt":{"rendered":"<p>Le Istituzioni di pubblica assistenza e beneficenza (Ipab) nel nostro paese sono nate nel 1890 con la legge Crispi. Grazie a lasciti [&hellip;]<\/p>\n","protected":false},"author":1,"featured_media":0,"parent":0,"menu_order":0,"comment_status":"closed","ping_status":"closed","template":"","meta":{"footnotes":""},"class_list":["post-50","page","type-page","status-publish","hentry"],"_links":{"self":[{"href":"https:\/\/www.aspriuniteterradibari.it\/index.php\/wp-json\/wp\/v2\/pages\/50","targetHints":{"allow":["GET"]}}],"collection":[{"href":"https:\/\/www.aspriuniteterradibari.it\/index.php\/wp-json\/wp\/v2\/pages"}],"about":[{"href":"https:\/\/www.aspriuniteterradibari.it\/index.php\/wp-json\/wp\/v2\/types\/page"}],"author":[{"embeddable":true,"href":"https:\/\/www.aspriuniteterradibari.it\/index.php\/wp-json\/wp\/v2\/users\/1"}],"replies":[{"embeddable":true,"href":"https:\/\/www.aspriuniteterradibari.it\/index.php\/wp-json\/wp\/v2\/comments?post=50"}],"version-history":[{"count":2,"href":"https:\/\/www.aspriuniteterradibari.it\/index.php\/wp-json\/wp\/v2\/pages\/50\/revisions"}],"predecessor-version":[{"id":87,"href":"https:\/\/www.aspriuniteterradibari.it\/index.php\/wp-json\/wp\/v2\/pages\/50\/revisions\/87"}],"wp:attachment":[{"href":"https:\/\/www.aspriuniteterradibari.it\/index.php\/wp-json\/wp\/v2\/media?parent=50"}],"curies":[{"name":"wp","href":"https:\/\/api.w.org\/{rel}","templated":true}]}}